{"id":63,"date":"2025-10-02T19:48:23","date_gmt":"2025-10-02T19:48:23","guid":{"rendered":"http:\/\/sculpturesnicecreationsceramique.fr\/?page_id=63"},"modified":"2025-10-02T20:04:28","modified_gmt":"2025-10-02T20:04:28","slug":"la-decouverte-de-la-terre","status":"publish","type":"page","link":"https:\/\/sculpturesnicecreationsceramique.fr\/?page_id=63","title":{"rendered":"La decouverte de la terre"},"content":{"rendered":"\n<p>Depuis 2020, lors d\u2019un atelier d\u00e9couverte, j\u2019ai trouv\u00e9 une v\u00e9ritable passion : la sculpture sur terre. Apr\u00e8s trois ann\u00e9es de cours dans un atelier, j\u2019ai d\u00e9cid\u00e9 de franchir le pas et d\u2019ouvrir une boutique dans le Vieux Nice pour vivre une premi\u00e8re exp\u00e9rience en tant qu\u2019autoentrepreneur.<\/p>\n\n\n\n<p>Aujourd\u2019hui, pour des raisons de commodit\u00e9, j\u2019ai choisi de fermer cet espace afin de me consacrer \u00e0 mon site internet, que j\u2019ai cr\u00e9\u00e9 moi-m\u00eame.<\/p>\n\n\n\n<p>Chaque cr\u00e9ation est pour moi un exutoire. Je laisse libre cours \u00e0 mon imagination, mais aussi \u00e0 mes \u00e9motions : mes joies, mes peines, mes exp\u00e9riences de vie\u2026 tout passe par la terre. C\u2019est pourquoi mes sculptures sont tr\u00e8s vari\u00e9es. Elles n\u2019appartiennent pas \u00e0 un style unique, mais elles portent toutes ma \u201cpatte\u201d, une empreinte bien personnelle.<\/p>\n\n\n\n<p>Je vous invite \u00e0 d\u00e9couvrir cet univers, riche et diversifi\u00e9, en naviguant \u00e0 travers mes cr\u00e9ations.<br><strong>Bon voyage sur ma toile d\u2019artiste <\/strong>!<\/p>\n","protected":false},"excerpt":{"rendered":"<p>Depuis 2020, lors d\u2019un atelier d\u00e9couverte, j\u2019ai trouv\u00e9 une v\u00e9ritable passion : la sculpture sur terre. Apr\u00e8s trois ann\u00e9es de cours dans un atelier, j\u2019ai d\u00e9cid\u00e9 de franchir le pas et d\u2019ouvrir une boutique dans le Vieux Nice pour vivre une premi\u00e8re exp\u00e9rience en tant qu\u2019autoentrepreneur. Aujourd\u2019hui, pour des raisons de commodit\u00e9, j\u2019ai choisi de [&hellip;]<\/p>\n","protected":false},"author":1,"featured_media":0,"parent":0,"menu_order":0,"comment_status":"closed","ping_status":"closed","template":"","meta":{"footnotes":""},"class_list":["post-63","page","type-page","status-publish","hentry"],"yoast_head":"<!-- This site is optimized with the Yoast SEO plugin v27.3 - https:\/\/yoast.com\/product\/yoast-seo-wordpress\/ -->\n<title>La decouverte de la terre - Sculptures nice Ceramiques<\/title>\n<meta name=\"robots\" content=\"index, follow, max-snippet:-1, max-image-preview:large, max-video-preview:-1\" \/>\n<link rel=\"canonical\" href=\"https:\/\/sculpturesnicecreationsceramique.fr\/?page_id=63\" \/>\n<meta property=\"og:locale\" content=\"fr_FR\" \/>\n<meta property=\"og:type\" content=\"article\" \/>\n<meta property=\"og:title\" content=\"La decouverte de la terre - Sculptures nice Ceramiques\" \/>\n<meta property=\"og:description\" content=\"Depuis 2020, lors d\u2019un atelier d\u00e9couverte, j\u2019ai trouv\u00e9 une v\u00e9ritable passion : la sculpture sur terre. Apr\u00e8s trois ann\u00e9es de cours dans un atelier, j\u2019ai d\u00e9cid\u00e9 de franchir le pas et d\u2019ouvrir une boutique dans le Vieux Nice pour vivre une premi\u00e8re exp\u00e9rience en tant qu\u2019autoentrepreneur. Aujourd\u2019hui, pour des raisons de commodit\u00e9, j\u2019ai choisi de [&hellip;]\" \/>\n<meta property=\"og:url\" content=\"https:\/\/sculpturesnicecreationsceramique.fr\/?page_id=63\" \/>\n<meta property=\"og:site_name\" content=\"Sculptures nice Ceramiques\" \/>\n<meta property=\"article:modified_time\" content=\"2025-10-02T20:04:28+00:00\" \/>\n<meta name=\"twitter:card\" content=\"summary_large_image\" \/>\n<meta name=\"twitter:label1\" content=\"Dur\u00e9e de lecture estim\u00e9e\" \/>\n\t<meta name=\"twitter:data1\" content=\"1 minute\" \/>\n<script type=\"application\/ld+json\" class=\"yoast-schema-graph\">{\"@context\":\"https:\\\/\\\/schema.org\",\"@graph\":[{\"@type\":\"WebPage\",\"@id\":\"https:\\\/\\\/sculpturesnicecreationsceramique.fr\\\/?page_id=63\",\"url\":\"https:\\\/\\\/sculpturesnicecreationsceramique.fr\\\/?page_id=63\",\"name\":\"La decouverte de la terre - Sculptures nice Ceramiques\",\"isPartOf\":{\"@id\":\"https:\\\/\\\/sculpturesnicecreationsceramique.fr\\\/#website\"},\"datePublished\":\"2025-10-02T19:48:23+00:00\",\"dateModified\":\"2025-10-02T20:04:28+00:00\",\"breadcrumb\":{\"@id\":\"https:\\\/\\\/sculpturesnicecreationsceramique.fr\\\/?page_id=63#breadcrumb\"},\"inLanguage\":\"fr-FR\",\"potentialAction\":[{\"@type\":\"ReadAction\",\"target\":[\"https:\\\/\\\/sculpturesnicecreationsceramique.fr\\\/?page_id=63\"]}]},{\"@type\":\"BreadcrumbList\",\"@id\":\"https:\\\/\\\/sculpturesnicecreationsceramique.fr\\\/?page_id=63#breadcrumb\",\"itemListElement\":[{\"@type\":\"ListItem\",\"position\":1,\"name\":\"Accueil\",\"item\":\"https:\\\/\\\/sculpturesnicecreationsceramique.fr\\\/\"},{\"@type\":\"ListItem\",\"position\":2,\"name\":\"La decouverte de la terre\"}]},{\"@type\":\"WebSite\",\"@id\":\"https:\\\/\\\/sculpturesnicecreationsceramique.fr\\\/#website\",\"url\":\"https:\\\/\\\/sculpturesnicecreationsceramique.fr\\\/\",\"name\":\"Sculptures nice Ceramiques\",\"description\":\"\ud83d\udd4a\ufe0f Spirituel et symbolique\",\"publisher\":{\"@id\":\"https:\\\/\\\/sculpturesnicecreationsceramique.fr\\\/#organization\"},\"potentialAction\":[{\"@type\":\"SearchAction\",\"target\":{\"@type\":\"EntryPoint\",\"urlTemplate\":\"https:\\\/\\\/sculpturesnicecreationsceramique.fr\\\/?s={search_term_string}\"},\"query-input\":{\"@type\":\"PropertyValueSpecification\",\"valueRequired\":true,\"valueName\":\"search_term_string\"}}],\"inLanguage\":\"fr-FR\"},{\"@type\":\"Organization\",\"@id\":\"https:\\\/\\\/sculpturesnicecreationsceramique.fr\\\/#organization\",\"name\":\"Sculptures nice Ceramiques\",\"url\":\"https:\\\/\\\/sculpturesnicecreationsceramique.fr\\\/\",\"logo\":{\"@type\":\"ImageObject\",\"inLanguage\":\"fr-FR\",\"@id\":\"https:\\\/\\\/sculpturesnicecreationsceramique.fr\\\/#\\\/schema\\\/logo\\\/image\\\/\",\"url\":\"https:\\\/\\\/sculpturesnicecreationsceramique.fr\\\/wp-content\\\/uploads\\\/2025\\\/10\\\/cropped-ezgif-6ced7d0ed2c6a5-1.gif\",\"contentUrl\":\"https:\\\/\\\/sculpturesnicecreationsceramique.fr\\\/wp-content\\\/uploads\\\/2025\\\/10\\\/cropped-ezgif-6ced7d0ed2c6a5-1.gif\",\"width\":512,\"height\":512,\"caption\":\"Sculptures nice Ceramiques\"},\"image\":{\"@id\":\"https:\\\/\\\/sculpturesnicecreationsceramique.fr\\\/#\\\/schema\\\/logo\\\/image\\\/\"}}]}<\/script>\n<!-- \/ Yoast SEO plugin. -->","yoast_head_json":{"title":"La decouverte de la terre - Sculptures nice Ceramiques","robots":{"index":"index","follow":"follow","max-snippet":"max-snippet:-1","max-image-preview":"max-image-preview:large","max-video-preview":"max-video-preview:-1"},"canonical":"https:\/\/sculpturesnicecreationsceramique.fr\/?page_id=63","og_locale":"fr_FR","og_type":"article","og_title":"La decouverte de la terre - Sculptures nice Ceramiques","og_description":"Depuis 2020, lors d\u2019un atelier d\u00e9couverte, j\u2019ai trouv\u00e9 une v\u00e9ritable passion : la sculpture sur terre. Apr\u00e8s trois ann\u00e9es de cours dans un atelier, j\u2019ai d\u00e9cid\u00e9 de franchir le pas et d\u2019ouvrir une boutique dans le Vieux Nice pour vivre une premi\u00e8re exp\u00e9rience en tant qu\u2019autoentrepreneur. Aujourd\u2019hui, pour des raisons de commodit\u00e9, j\u2019ai choisi de [&hellip;]","og_url":"https:\/\/sculpturesnicecreationsceramique.fr\/?page_id=63","og_site_name":"Sculptures nice Ceramiques","article_modified_time":"2025-10-02T20:04:28+00:00","twitter_card":"summary_large_image","twitter_misc":{"Dur\u00e9e de lecture estim\u00e9e":"1 minute"},"schema":{"@context":"https:\/\/schema.org","@graph":[{"@type":"WebPage","@id":"https:\/\/sculpturesnicecreationsceramique.fr\/?page_id=63","url":"https:\/\/sculpturesnicecreationsceramique.fr\/?page_id=63","name":"La decouverte de la terre - Sculptures nice Ceramiques","isPartOf":{"@id":"https:\/\/sculpturesnicecreationsceramique.fr\/#website"},"datePublished":"2025-10-02T19:48:23+00:00","dateModified":"2025-10-02T20:04:28+00:00","breadcrumb":{"@id":"https:\/\/sculpturesnicecreationsceramique.fr\/?page_id=63#breadcrumb"},"inLanguage":"fr-FR","potentialAction":[{"@type":"ReadAction","target":["https:\/\/sculpturesnicecreationsceramique.fr\/?page_id=63"]}]},{"@type":"BreadcrumbList","@id":"https:\/\/sculpturesnicecreationsceramique.fr\/?page_id=63#breadcrumb","itemListElement":[{"@type":"ListItem","position":1,"name":"Accueil","item":"https:\/\/sculpturesnicecreationsceramique.fr\/"},{"@type":"ListItem","position":2,"name":"La decouverte de la terre"}]},{"@type":"WebSite","@id":"https:\/\/sculpturesnicecreationsceramique.fr\/#website","url":"https:\/\/sculpturesnicecreationsceramique.fr\/","name":"Sculptures nice Ceramiques","description":"\ud83d\udd4a\ufe0f Spirituel et symbolique","publisher":{"@id":"https:\/\/sculpturesnicecreationsceramique.fr\/#organization"},"potentialAction":[{"@type":"SearchAction","target":{"@type":"EntryPoint","urlTemplate":"https:\/\/sculpturesnicecreationsceramique.fr\/?s={search_term_string}"},"query-input":{"@type":"PropertyValueSpecification","valueRequired":true,"valueName":"search_term_string"}}],"inLanguage":"fr-FR"},{"@type":"Organization","@id":"https:\/\/sculpturesnicecreationsceramique.fr\/#organization","name":"Sculptures nice Ceramiques","url":"https:\/\/sculpturesnicecreationsceramique.fr\/","logo":{"@type":"ImageObject","inLanguage":"fr-FR","@id":"https:\/\/sculpturesnicecreationsceramique.fr\/#\/schema\/logo\/image\/","url":"https:\/\/sculpturesnicecreationsceramique.fr\/wp-content\/uploads\/2025\/10\/cropped-ezgif-6ced7d0ed2c6a5-1.gif","contentUrl":"https:\/\/sculpturesnicecreationsceramique.fr\/wp-content\/uploads\/2025\/10\/cropped-ezgif-6ced7d0ed2c6a5-1.gif","width":512,"height":512,"caption":"Sculptures nice Ceramiques"},"image":{"@id":"https:\/\/sculpturesnicecreationsceramique.fr\/#\/schema\/logo\/image\/"}}]}},"_links":{"self":[{"href":"https:\/\/sculpturesnicecreationsceramique.fr\/index.php?rest_route=\/wp\/v2\/pages\/63","targetHints":{"allow":["GET"]}}],"collection":[{"href":"https:\/\/sculpturesnicecreationsceramique.fr\/index.php?rest_route=\/wp\/v2\/pages"}],"about":[{"href":"https:\/\/sculpturesnicecreationsceramique.fr\/index.php?rest_route=\/wp\/v2\/types\/page"}],"author":[{"embeddable":true,"href":"https:\/\/sculpturesnicecreationsceramique.fr\/index.php?rest_route=\/wp\/v2\/users\/1"}],"replies":[{"embeddable":true,"href":"https:\/\/sculpturesnicecreationsceramique.fr\/index.php?rest_route=%2Fwp%2Fv2%2Fcomments&post=63"}],"version-history":[{"count":5,"href":"https:\/\/sculpturesnicecreationsceramique.fr\/index.php?rest_route=\/wp\/v2\/pages\/63\/revisions"}],"predecessor-version":[{"id":71,"href":"https:\/\/sculpturesnicecreationsceramique.fr\/index.php?rest_route=\/wp\/v2\/pages\/63\/revisions\/71"}],"wp:attachment":[{"href":"https:\/\/sculpturesnicecreationsceramique.fr\/index.php?rest_route=%2Fwp%2Fv2%2Fmedia&parent=63"}],"curies":[{"name":"wp","href":"https:\/\/api.w.org\/{rel}","templated":true}]}}