{"id":176,"date":"2025-10-06T07:11:49","date_gmt":"2025-10-06T07:11:49","guid":{"rendered":"https:\/\/sculpturesnicecreationsceramique.fr\/?page_id=176"},"modified":"2025-11-27T05:02:35","modified_gmt":"2025-11-27T05:02:35","slug":"les-tarif-des-creations","status":"publish","type":"page","link":"https:\/\/sculpturesnicecreationsceramique.fr\/?page_id=176","title":{"rendered":"les tarifs des  cr\u00e9ations"},"content":{"rendered":"\n<div class=\"wp-block-group has-global-padding is-layout-constrained wp-block-group-is-layout-constrained\">\n<figure class=\"wp-block-table aligncenter\"><table class=\"has-fixed-layout\"><tbody><tr><td>                        intitul\u00e9s<\/td><td>                    Tarif<\/td><td><\/td><\/tr><tr><td>                Dragon jubilant <\/td><td>3450 euro<\/td><td>Prim\u00e9<\/td><\/tr><tr><td>le lion gardien<\/td><td>2950 euro<\/td><td><\/td><\/tr><tr><td>terre en perdition<\/td><td>1950 euro<\/td><td><\/td><\/tr><tr><td>l&rsquo;iroquois <\/td><td>1550 euro<\/td><td><\/td><\/tr><tr><td>Portrait en couleur <\/td><td>1550 euro<\/td><td><\/td><\/tr><tr><td>la sph\u00e8re des abeilles<\/td><td>550 euro<\/td><td><\/td><\/tr><tr><td>Figure sculpt\u00e9s <\/td><td>370 euro<\/td><td><\/td><\/tr><tr><td>Poisson ray\u00e9 <\/td><td>350 euro<\/td><td><\/td><\/tr><tr><td>apn\u00e9e<\/td><td>300 euro<\/td><td><\/td><\/tr><tr><td>femme en \u00e9l\u00e9vation<\/td><td>250 euro<\/td><td><\/td><\/tr><tr><td>\u0153ufs noire<\/td><td>210 euro<\/td><td><\/td><\/tr><tr><td>personnage fantaisite<\/td><td>180 euro<\/td><td><\/td><\/tr><tr><td>cornet rouge<\/td><td>170 euro<\/td><td><\/td><\/tr><tr><td>coupe verte<\/td><td>165 euro<\/td><td><a href=\"https:\/\/sculpturesnicecreationsceramique.fr\/\">https:\/\/sculpturesnicecreationsceramique.<\/a><\/td><\/tr><tr><td>pichet sculpturale<\/td><td>110 euro<\/td><td><\/td><\/tr><tr><td>Bol sculpturale <\/td><td>80 euro<\/td><td><\/td><\/tr><\/tbody><\/table><\/figure>\n<\/div>\n\n\n\n<p><\/p>\n","protected":false},"excerpt":{"rendered":"<p>intitul\u00e9s Tarif Dragon jubilant 3450 euro Prim\u00e9 le lion gardien 2950 euro terre en perdition 1950 euro l&rsquo;iroquois 1550 euro Portrait en couleur 1550 euro la sph\u00e8re des abeilles 550 euro Figure sculpt\u00e9s 370 euro Poisson ray\u00e9 350 euro apn\u00e9e 300 euro femme en \u00e9l\u00e9vation 250 euro \u0153ufs noire 210 euro personnage fantaisite 180 euro [&hellip;]<\/p>\n","protected":false},"author":1,"featured_media":0,"parent":0,"menu_order":0,"comment_status":"closed","ping_status":"closed","template":"","meta":{"footnotes":""},"class_list":["post-176","page","type-page","status-publish","hentry"],"yoast_head":"<!-- This site is optimized with the Yoast SEO plugin v27.3 - https:\/\/yoast.com\/product\/yoast-seo-wordpress\/ -->\n<title>les tarifs des cr\u00e9ations - Sculptures nice Ceramiques<\/title>\n<meta name=\"robots\" content=\"index, follow, max-snippet:-1, max-image-preview:large, max-video-preview:-1\" \/>\n<link rel=\"canonical\" href=\"https:\/\/sculpturesnicecreationsceramique.fr\/?page_id=176\" \/>\n<meta property=\"og:locale\" content=\"fr_FR\" \/>\n<meta property=\"og:type\" content=\"article\" \/>\n<meta property=\"og:title\" content=\"les tarifs des cr\u00e9ations - Sculptures nice Ceramiques\" \/>\n<meta property=\"og:description\" content=\"intitul\u00e9s Tarif Dragon jubilant 3450 euro Prim\u00e9 le lion gardien 2950 euro terre en perdition 1950 euro l&rsquo;iroquois 1550 euro Portrait en couleur 1550 euro la sph\u00e8re des abeilles 550 euro Figure sculpt\u00e9s 370 euro Poisson ray\u00e9 350 euro apn\u00e9e 300 euro femme en \u00e9l\u00e9vation 250 euro \u0153ufs noire 210 euro personnage fantaisite 180 euro [&hellip;]\" \/>\n<meta property=\"og:url\" content=\"https:\/\/sculpturesnicecreationsceramique.fr\/?page_id=176\" \/>\n<meta property=\"og:site_name\" content=\"Sculptures nice Ceramiques\" \/>\n<meta property=\"article:modified_time\" content=\"2025-11-27T05:02:35+00:00\" \/>\n<meta name=\"twitter:card\" content=\"summary_large_image\" \/>\n<script type=\"application\/ld+json\" class=\"yoast-schema-graph\">{\"@context\":\"https:\\\/\\\/schema.org\",\"@graph\":[{\"@type\":\"WebPage\",\"@id\":\"https:\\\/\\\/sculpturesnicecreationsceramique.fr\\\/?page_id=176\",\"url\":\"https:\\\/\\\/sculpturesnicecreationsceramique.fr\\\/?page_id=176\",\"name\":\"les tarifs des cr\u00e9ations - Sculptures nice Ceramiques\",\"isPartOf\":{\"@id\":\"https:\\\/\\\/sculpturesnicecreationsceramique.fr\\\/#website\"},\"datePublished\":\"2025-10-06T07:11:49+00:00\",\"dateModified\":\"2025-11-27T05:02:35+00:00\",\"breadcrumb\":{\"@id\":\"https:\\\/\\\/sculpturesnicecreationsceramique.fr\\\/?page_id=176#breadcrumb\"},\"inLanguage\":\"fr-FR\",\"potentialAction\":[{\"@type\":\"ReadAction\",\"target\":[\"https:\\\/\\\/sculpturesnicecreationsceramique.fr\\\/?page_id=176\"]}]},{\"@type\":\"BreadcrumbList\",\"@id\":\"https:\\\/\\\/sculpturesnicecreationsceramique.fr\\\/?page_id=176#breadcrumb\",\"itemListElement\":[{\"@type\":\"ListItem\",\"position\":1,\"name\":\"Accueil\",\"item\":\"https:\\\/\\\/sculpturesnicecreationsceramique.fr\\\/\"},{\"@type\":\"ListItem\",\"position\":2,\"name\":\"les tarifs des cr\u00e9ations\"}]},{\"@type\":\"WebSite\",\"@id\":\"https:\\\/\\\/sculpturesnicecreationsceramique.fr\\\/#website\",\"url\":\"https:\\\/\\\/sculpturesnicecreationsceramique.fr\\\/\",\"name\":\"Sculptures nice Ceramiques\",\"description\":\"\ud83d\udd4a\ufe0f Spirituel et symbolique\",\"publisher\":{\"@id\":\"https:\\\/\\\/sculpturesnicecreationsceramique.fr\\\/#organization\"},\"potentialAction\":[{\"@type\":\"SearchAction\",\"target\":{\"@type\":\"EntryPoint\",\"urlTemplate\":\"https:\\\/\\\/sculpturesnicecreationsceramique.fr\\\/?s={search_term_string}\"},\"query-input\":{\"@type\":\"PropertyValueSpecification\",\"valueRequired\":true,\"valueName\":\"search_term_string\"}}],\"inLanguage\":\"fr-FR\"},{\"@type\":\"Organization\",\"@id\":\"https:\\\/\\\/sculpturesnicecreationsceramique.fr\\\/#organization\",\"name\":\"Sculptures nice Ceramiques\",\"url\":\"https:\\\/\\\/sculpturesnicecreationsceramique.fr\\\/\",\"logo\":{\"@type\":\"ImageObject\",\"inLanguage\":\"fr-FR\",\"@id\":\"https:\\\/\\\/sculpturesnicecreationsceramique.fr\\\/#\\\/schema\\\/logo\\\/image\\\/\",\"url\":\"https:\\\/\\\/sculpturesnicecreationsceramique.fr\\\/wp-content\\\/uploads\\\/2025\\\/10\\\/cropped-ezgif-6ced7d0ed2c6a5-1.gif\",\"contentUrl\":\"https:\\\/\\\/sculpturesnicecreationsceramique.fr\\\/wp-content\\\/uploads\\\/2025\\\/10\\\/cropped-ezgif-6ced7d0ed2c6a5-1.gif\",\"width\":512,\"height\":512,\"caption\":\"Sculptures nice Ceramiques\"},\"image\":{\"@id\":\"https:\\\/\\\/sculpturesnicecreationsceramique.fr\\\/#\\\/schema\\\/logo\\\/image\\\/\"}}]}<\/script>\n<!-- \/ Yoast SEO plugin. -->","yoast_head_json":{"title":"les tarifs des cr\u00e9ations - Sculptures nice Ceramiques","robots":{"index":"index","follow":"follow","max-snippet":"max-snippet:-1","max-image-preview":"max-image-preview:large","max-video-preview":"max-video-preview:-1"},"canonical":"https:\/\/sculpturesnicecreationsceramique.fr\/?page_id=176","og_locale":"fr_FR","og_type":"article","og_title":"les tarifs des cr\u00e9ations - Sculptures nice Ceramiques","og_description":"intitul\u00e9s Tarif Dragon jubilant 3450 euro Prim\u00e9 le lion gardien 2950 euro terre en perdition 1950 euro l&rsquo;iroquois 1550 euro Portrait en couleur 1550 euro la sph\u00e8re des abeilles 550 euro Figure sculpt\u00e9s 370 euro Poisson ray\u00e9 350 euro apn\u00e9e 300 euro femme en \u00e9l\u00e9vation 250 euro \u0153ufs noire 210 euro personnage fantaisite 180 euro [&hellip;]","og_url":"https:\/\/sculpturesnicecreationsceramique.fr\/?page_id=176","og_site_name":"Sculptures nice Ceramiques","article_modified_time":"2025-11-27T05:02:35+00:00","twitter_card":"summary_large_image","schema":{"@context":"https:\/\/schema.org","@graph":[{"@type":"WebPage","@id":"https:\/\/sculpturesnicecreationsceramique.fr\/?page_id=176","url":"https:\/\/sculpturesnicecreationsceramique.fr\/?page_id=176","name":"les tarifs des cr\u00e9ations - Sculptures nice Ceramiques","isPartOf":{"@id":"https:\/\/sculpturesnicecreationsceramique.fr\/#website"},"datePublished":"2025-10-06T07:11:49+00:00","dateModified":"2025-11-27T05:02:35+00:00","breadcrumb":{"@id":"https:\/\/sculpturesnicecreationsceramique.fr\/?page_id=176#breadcrumb"},"inLanguage":"fr-FR","potentialAction":[{"@type":"ReadAction","target":["https:\/\/sculpturesnicecreationsceramique.fr\/?page_id=176"]}]},{"@type":"BreadcrumbList","@id":"https:\/\/sculpturesnicecreationsceramique.fr\/?page_id=176#breadcrumb","itemListElement":[{"@type":"ListItem","position":1,"name":"Accueil","item":"https:\/\/sculpturesnicecreationsceramique.fr\/"},{"@type":"ListItem","position":2,"name":"les tarifs des cr\u00e9ations"}]},{"@type":"WebSite","@id":"https:\/\/sculpturesnicecreationsceramique.fr\/#website","url":"https:\/\/sculpturesnicecreationsceramique.fr\/","name":"Sculptures nice Ceramiques","description":"\ud83d\udd4a\ufe0f Spirituel et symbolique","publisher":{"@id":"https:\/\/sculpturesnicecreationsceramique.fr\/#organization"},"potentialAction":[{"@type":"SearchAction","target":{"@type":"EntryPoint","urlTemplate":"https:\/\/sculpturesnicecreationsceramique.fr\/?s={search_term_string}"},"query-input":{"@type":"PropertyValueSpecification","valueRequired":true,"valueName":"search_term_string"}}],"inLanguage":"fr-FR"},{"@type":"Organization","@id":"https:\/\/sculpturesnicecreationsceramique.fr\/#organization","name":"Sculptures nice Ceramiques","url":"https:\/\/sculpturesnicecreationsceramique.fr\/","logo":{"@type":"ImageObject","inLanguage":"fr-FR","@id":"https:\/\/sculpturesnicecreationsceramique.fr\/#\/schema\/logo\/image\/","url":"https:\/\/sculpturesnicecreationsceramique.fr\/wp-content\/uploads\/2025\/10\/cropped-ezgif-6ced7d0ed2c6a5-1.gif","contentUrl":"https:\/\/sculpturesnicecreationsceramique.fr\/wp-content\/uploads\/2025\/10\/cropped-ezgif-6ced7d0ed2c6a5-1.gif","width":512,"height":512,"caption":"Sculptures nice Ceramiques"},"image":{"@id":"https:\/\/sculpturesnicecreationsceramique.fr\/#\/schema\/logo\/image\/"}}]}},"_links":{"self":[{"href":"https:\/\/sculpturesnicecreationsceramique.fr\/index.php?rest_route=\/wp\/v2\/pages\/176","targetHints":{"allow":["GET"]}}],"collection":[{"href":"https:\/\/sculpturesnicecreationsceramique.fr\/index.php?rest_route=\/wp\/v2\/pages"}],"about":[{"href":"https:\/\/sculpturesnicecreationsceramique.fr\/index.php?rest_route=\/wp\/v2\/types\/page"}],"author":[{"embeddable":true,"href":"https:\/\/sculpturesnicecreationsceramique.fr\/index.php?rest_route=\/wp\/v2\/users\/1"}],"replies":[{"embeddable":true,"href":"https:\/\/sculpturesnicecreationsceramique.fr\/index.php?rest_route=%2Fwp%2Fv2%2Fcomments&post=176"}],"version-history":[{"count":10,"href":"https:\/\/sculpturesnicecreationsceramique.fr\/index.php?rest_route=\/wp\/v2\/pages\/176\/revisions"}],"predecessor-version":[{"id":234,"href":"https:\/\/sculpturesnicecreationsceramique.fr\/index.php?rest_route=\/wp\/v2\/pages\/176\/revisions\/234"}],"wp:attachment":[{"href":"https:\/\/sculpturesnicecreationsceramique.fr\/index.php?rest_route=%2Fwp%2Fv2%2Fmedia&parent=176"}],"curies":[{"name":"wp","href":"https:\/\/api.w.org\/{rel}","templated":true}]}}